{"id":946,"date":"2023-11-01T13:45:29","date_gmt":"2023-11-01T13:45:29","guid":{"rendered":"https:\/\/stg-qvnouf.elementor.cloud\/?page_id=946"},"modified":"2026-02-03T10:00:28","modified_gmt":"2026-02-03T10:00:28","slug":"demonstrasjon","status":"publish","type":"page","link":"https:\/\/stg-qvnouf.elementor.cloud\/no\/demo\/","title":{"rendered":"Demo"},"content":{"rendered":"\t\t<div data-elementor-type=\"wp-post\" data-elementor-id=\"946\" class=\"elementor elementor-946\" data-elementor-post-type=\"page\">\n\t\t\t\t<div class=\"elementor-element elementor-element-9a95c36 e-con-full e-flex wpr-particle-no wpr-jarallax-no wpr-parallax-no wpr-sticky-section-no e-con e-parent\" data-id=\"9a95c36\" data-element_type=\"container\" data-e-type=\"container\">\n\t\t<div class=\"elementor-element elementor-element-e8e4eed e-con-full e-flex wpr-particle-no wpr-jarallax-no wpr-parallax-no wpr-sticky-section-no e-con e-child\" data-id=\"e8e4eed\" data-element_type=\"container\" data-e-type=\"container\">\n\t\t\t\t<div class=\"elementor-element elementor-element-befc90a elementor-widget elementor-widget-heading\" data-id=\"befc90a\" data-element_type=\"widget\" data-e-type=\"widget\" data-widget_type=\"heading.default\">\n\t\t\t\t\t<h6 class=\"elementor-heading-title elementor-size-default\">Request a demo<\/h6>\t\t\t\t<\/div>\n\t\t\t\t<div class=\"elementor-element elementor-element-55b675b elementor-widget elementor-widget-text-editor\" data-id=\"55b675b\" data-element_type=\"widget\" data-e-type=\"widget\" data-widget_type=\"text-editor.default\">\n\t\t\t\t\t\t\t\t\t<p>Experience the power of Injurymap firsthand. Request a demo today, and one of our experts will get in touch with you shortly to schedule a personalized presentation.<\/p>\t\t\t\t\t\t\t\t<\/div>\n\t\t\t\t<\/div>\n\t\t\t\t<div class=\"elementor-element elementor-element-4f00292 elementor-button-align-stretch elementor-widget elementor-widget-form\" data-id=\"4f00292\" data-element_type=\"widget\" data-e-type=\"widget\" data-settings=\"{&quot;step_next_label&quot;:&quot;Next&quot;,&quot;step_previous_label&quot;:&quot;Previous&quot;,&quot;button_width&quot;:&quot;100&quot;,&quot;dce_confirm_dialog_enabled&quot;:&quot;no&quot;,&quot;step_type&quot;:&quot;number_text&quot;,&quot;step_icon_shape&quot;:&quot;circle&quot;,&quot;label_icon_size&quot;:{&quot;unit&quot;:&quot;px&quot;,&quot;size&quot;:&quot;&quot;,&quot;sizes&quot;:[]},&quot;field_icon_size&quot;:{&quot;unit&quot;:&quot;px&quot;,&quot;size&quot;:&quot;&quot;,&quot;sizes&quot;:[]}}\" data-no-translation=\"\" data-widget_type=\"form.default\">\n\t\t\t\t\t<style>.elementor-element-4f00292{display:none !important}<\/style>\t\t\t\t<\/div>\n\t\t\t\t<div class=\"elementor-element elementor-element-8b357b8 elementor-button-align-stretch elementor-widget elementor-widget-form\" data-id=\"8b357b8\" data-element_type=\"widget\" data-e-type=\"widget\" data-settings=\"{&quot;step_next_label&quot;:&quot;Next&quot;,&quot;step_previous_label&quot;:&quot;Previous&quot;,&quot;button_width&quot;:&quot;100&quot;,&quot;dce_confirm_dialog_enabled&quot;:&quot;no&quot;,&quot;step_type&quot;:&quot;number_text&quot;,&quot;step_icon_shape&quot;:&quot;circle&quot;,&quot;label_icon_size&quot;:{&quot;unit&quot;:&quot;px&quot;,&quot;size&quot;:&quot;&quot;,&quot;sizes&quot;:[]},&quot;field_icon_size&quot;:{&quot;unit&quot;:&quot;px&quot;,&quot;size&quot;:&quot;&quot;,&quot;sizes&quot;:[]}}\" data-widget_type=\"form.default\">\n\t\t\t\t\t<style>.elementor-element-8b357b8{display:none !important}<\/style>\t\t\t\t<\/div>\n\t\t\t\t<div class=\"elementor-element elementor-element-f518314 elementor-button-align-stretch elementor-widget elementor-widget-form\" data-id=\"f518314\" data-element_type=\"widget\" data-e-type=\"widget\" data-settings=\"{&quot;step_next_label&quot;:&quot;Next&quot;,&quot;step_previous_label&quot;:&quot;Previous&quot;,&quot;button_width&quot;:&quot;100&quot;,&quot;dce_confirm_dialog_enabled&quot;:&quot;no&quot;,&quot;step_type&quot;:&quot;number_text&quot;,&quot;step_icon_shape&quot;:&quot;circle&quot;,&quot;label_icon_size&quot;:{&quot;unit&quot;:&quot;px&quot;,&quot;size&quot;:&quot;&quot;,&quot;sizes&quot;:[]},&quot;field_icon_size&quot;:{&quot;unit&quot;:&quot;px&quot;,&quot;size&quot;:&quot;&quot;,&quot;sizes&quot;:[]}}\" data-widget_type=\"form.default\">\n\t\t\t\t\t\t\t<form class=\"elementor-form\" method=\"post\" name=\"New Form\" aria-label=\"New Form\">\n\t\t\t<input type=\"hidden\" name=\"post_id\" value=\"946\"\/>\n\t\t\t<input type=\"hidden\" name=\"form_id\" value=\"f518314\"\/>\n\t\t\t<input type=\"hidden\" name=\"referer_title\" value=\"Injurymap\" \/>\n\n\t\t\t\n\t\t\t<div class=\"elementor-form-fields-wrapper elementor-labels-above\">\n\t\t\t\t\t\t\t\t<div class=\"elementor-field-type-text elementor-field-group elementor-column elementor-field-group-name elementor-col-100\">\n\t\t\t\t\t\t\t\t\t\t\t\t<label for=\"form-field-name\" class=\"elementor-field-label\">\n\t\t\t\t\t\t\t\tName\t\t\t\t\t\t\t<\/label>\n\t\t\t\t\t\t\t\t\t\t\t\t\t\t<input size=\"1\" type=\"text\" name=\"form_fields[name]\" id=\"form-field-name\" class=\"elementor-field elementor-size-sm  elementor-field-textual\" placeholder=\"Name\">\n\t\t\t\t\t\t\t\t\t\t\t<\/div>\n\t\t\t\t\t\t\t\t<div class=\"elementor-field-type-text elementor-field-group elementor-column elementor-field-group-field_d7fe4ac elementor-col-100\">\n\t\t\t\t\t\t\t\t\t\t\t\t<label for=\"form-field-field_d7fe4ac\" class=\"elementor-field-label\">\n\t\t\t\t\t\t\t\tCompany\t\t\t\t\t\t\t<\/label>\n\t\t\t\t\t\t\t\t\t\t\t\t\t\t<input size=\"1\" type=\"text\" name=\"form_fields[field_d7fe4ac]\" id=\"form-field-field_d7fe4ac\" class=\"elementor-field elementor-size-sm  elementor-field-textual\" placeholder=\"Company Name\">\n\t\t\t\t\t\t\t\t\t\t\t<\/div>\n\t\t\t\t\t\t\t\t<div class=\"elementor-field-type-email elementor-field-group elementor-column elementor-field-group-email elementor-col-100 elementor-field-required\">\n\t\t\t\t\t\t\t\t\t\t\t\t<label for=\"form-field-email\" class=\"elementor-field-label\">\n\t\t\t\t\t\t\t\tEmail\t\t\t\t\t\t\t<\/label>\n\t\t\t\t\t\t\t\t\t\t\t\t\t\t<input size=\"1\" type=\"email\" name=\"form_fields[email]\" id=\"form-field-email\" class=\"elementor-field elementor-size-sm  elementor-field-textual\" placeholder=\"Email\" required=\"required\">\n\t\t\t\t\t\t\t\t\t\t\t<\/div>\n\t\t\t\t\t\t\t\t<div class=\"elementor-field-type-textarea elementor-field-group elementor-column elementor-field-group-message elementor-col-100\">\n\t\t\t\t\t\t\t\t\t\t\t\t<label for=\"form-field-message\" class=\"elementor-field-label\">\n\t\t\t\t\t\t\t\tMessage\t\t\t\t\t\t\t<\/label>\n\t\t\t\t\t\t<textarea class=\"elementor-field-textual elementor-field  elementor-size-sm\" name=\"form_fields[message]\" id=\"form-field-message\" rows=\"4\" placeholder=\"Message\"><\/textarea>\t\t\t\t<\/div>\n\t\t\t\t\t\t\t\t<div class=\"elementor-field-group elementor-column elementor-field-type-submit elementor-col-100 e-form__buttons\">\n\t\t\t\t\t<button class=\"elementor-button elementor-size-sm\" type=\"submit\">\n\t\t\t\t\t\t<span class=\"elementor-button-content-wrapper\">\n\t\t\t\t\t\t\t\t\t\t\t\t\t\t\t\t\t\t\t\t\t\t<span class=\"elementor-button-text\">Send<\/span>\n\t\t\t\t\t\t\t\t\t\t\t\t\t<\/span>\n\t\t\t\t\t<\/button>\n\t\t\t\t<\/div>\n\t\t\t<\/div>\n\t\t<\/form>\n\t\t\t\t\t\t<\/div>\n\t\t\t\t<\/div>\n\t\t\t\t<\/div>\n\t\t","protected":false},"excerpt":{"rendered":"<p>Be om en demo Opplev kraften i Injurymap p\u00e5 f\u00f8rste h\u00e5nd. Be om en demo i dag, s\u00e5 tar en av v\u00e5re eksperter kontakt med deg i l\u00f8pet av kort tid for \u00e5 planlegge en personlig presentasjon.<\/p>","protected":false},"author":3,"featured_media":0,"parent":0,"menu_order":0,"comment_status":"closed","ping_status":"closed","template":"","meta":{"_acf_changed":false,"inline_featured_image":false,"footnotes":""},"class_list":["post-946","page","type-page","status-publish","hentry"],"acf":[],"yoast_head":"<!-- This site is optimized with the Yoast SEO plugin v27.1.1 - https:\/\/yoast.com\/product\/yoast-seo-wordpress\/ -->\n<title>Demo - Injurymap<\/title>\n<meta name=\"robots\" content=\"index, follow, max-snippet:-1, max-image-preview:large, max-video-preview:-1\" \/>\n<link rel=\"canonical\" href=\"https:\/\/injurymap.com\/demo\/\" \/>\n<meta property=\"og:locale\" content=\"nb_NO\" \/>\n<meta property=\"og:type\" content=\"article\" \/>\n<meta property=\"og:title\" content=\"Demo - Injurymap\" \/>\n<meta property=\"og:description\" content=\"Request a demo Experience the power of Injurymap firsthand. Request a demo today, and one of our experts will get in touch with you shortly to schedule a personalized presentation.\" \/>\n<meta property=\"og:url\" content=\"https:\/\/injurymap.com\/demo\/\" \/>\n<meta property=\"og:site_name\" content=\"Injurymap\" \/>\n<meta property=\"article:publisher\" content=\"https:\/\/www.facebook.com\/Injurymap\/\" \/>\n<meta property=\"article:modified_time\" content=\"2026-02-03T10:00:28+00:00\" \/>\n<meta name=\"twitter:card\" content=\"summary_large_image\" \/>\n<meta name=\"twitter:label1\" content=\"Ansl. lesetid\" \/>\n\t<meta name=\"twitter:data1\" content=\"1 minutt\" \/>\n<script type=\"application\/ld+json\" class=\"yoast-schema-graph\">{\"@context\":\"https:\/\/schema.org\",\"@graph\":[{\"@type\":\"WebPage\",\"@id\":\"https:\/\/injurymap.com\/demo\/\",\"url\":\"https:\/\/injurymap.com\/demo\/\",\"name\":\"Demo - Injurymap\",\"isPartOf\":{\"@id\":\"https:\/\/stg-qvnouf.elementor.cloud\/#website\"},\"datePublished\":\"2023-11-01T13:45:29+00:00\",\"dateModified\":\"2026-02-03T10:00:28+00:00\",\"breadcrumb\":{\"@id\":\"https:\/\/injurymap.com\/demo\/#breadcrumb\"},\"inLanguage\":\"nb-NO\",\"potentialAction\":[{\"@type\":\"ReadAction\",\"target\":[\"https:\/\/injurymap.com\/demo\/\"]}]},{\"@type\":\"BreadcrumbList\",\"@id\":\"https:\/\/injurymap.com\/demo\/#breadcrumb\",\"itemListElement\":[{\"@type\":\"ListItem\",\"position\":1,\"name\":\"Home\",\"item\":\"https:\/\/stg-qvnouf.elementor.cloud\/\"},{\"@type\":\"ListItem\",\"position\":2,\"name\":\"Demo\"}]},{\"@type\":\"WebSite\",\"@id\":\"https:\/\/stg-qvnouf.elementor.cloud\/#website\",\"url\":\"https:\/\/stg-qvnouf.elementor.cloud\/\",\"name\":\"Injurymap\",\"description\":\"Physiotherapy for Everyone, Everywhere\",\"publisher\":{\"@id\":\"https:\/\/stg-qvnouf.elementor.cloud\/#organization\"},\"potentialAction\":[{\"@type\":\"SearchAction\",\"target\":{\"@type\":\"EntryPoint\",\"urlTemplate\":\"https:\/\/stg-qvnouf.elementor.cloud\/?s={search_term_string}\"},\"query-input\":{\"@type\":\"PropertyValueSpecification\",\"valueRequired\":true,\"valueName\":\"search_term_string\"}}],\"inLanguage\":\"nb-NO\"},{\"@type\":\"Organization\",\"@id\":\"https:\/\/stg-qvnouf.elementor.cloud\/#organization\",\"name\":\"Injurymap\",\"url\":\"https:\/\/stg-qvnouf.elementor.cloud\/\",\"logo\":{\"@type\":\"ImageObject\",\"inLanguage\":\"nb-NO\",\"@id\":\"https:\/\/stg-qvnouf.elementor.cloud\/#\/schema\/logo\/image\/\",\"url\":\"https:\/\/stg-qvnouf.elementor.cloud\/wp-content\/uploads\/2023\/10\/injurymap-logo.svg\",\"contentUrl\":\"https:\/\/stg-qvnouf.elementor.cloud\/wp-content\/uploads\/2023\/10\/injurymap-logo.svg\",\"width\":120,\"height\":26,\"caption\":\"Injurymap\"},\"image\":{\"@id\":\"https:\/\/stg-qvnouf.elementor.cloud\/#\/schema\/logo\/image\/\"},\"sameAs\":[\"https:\/\/www.facebook.com\/Injurymap\/\",\"https:\/\/www.linkedin.com\/company\/injurymap\"]}]}<\/script>\n<!-- \/ Yoast SEO plugin. -->","yoast_head_json":{"title":"Demo - Injurymap","robots":{"index":"index","follow":"follow","max-snippet":"max-snippet:-1","max-image-preview":"max-image-preview:large","max-video-preview":"max-video-preview:-1"},"canonical":"https:\/\/injurymap.com\/demo\/","og_locale":"nb_NO","og_type":"article","og_title":"Demo - Injurymap","og_description":"Request a demo Experience the power of Injurymap firsthand. Request a demo today, and one of our experts will get in touch with you shortly to schedule a personalized presentation.","og_url":"https:\/\/injurymap.com\/demo\/","og_site_name":"Injurymap","article_publisher":"https:\/\/www.facebook.com\/Injurymap\/","article_modified_time":"2026-02-03T10:00:28+00:00","twitter_card":"summary_large_image","twitter_misc":{"Ansl. lesetid":"1 minutt"},"schema":{"@context":"https:\/\/schema.org","@graph":[{"@type":"WebPage","@id":"https:\/\/injurymap.com\/demo\/","url":"https:\/\/injurymap.com\/demo\/","name":"Demo - Injurymap","isPartOf":{"@id":"https:\/\/stg-qvnouf.elementor.cloud\/#website"},"datePublished":"2023-11-01T13:45:29+00:00","dateModified":"2026-02-03T10:00:28+00:00","breadcrumb":{"@id":"https:\/\/injurymap.com\/demo\/#breadcrumb"},"inLanguage":"nb-NO","potentialAction":[{"@type":"ReadAction","target":["https:\/\/injurymap.com\/demo\/"]}]},{"@type":"BreadcrumbList","@id":"https:\/\/injurymap.com\/demo\/#breadcrumb","itemListElement":[{"@type":"ListItem","position":1,"name":"Home","item":"https:\/\/stg-qvnouf.elementor.cloud\/"},{"@type":"ListItem","position":2,"name":"Demo"}]},{"@type":"WebSite","@id":"https:\/\/stg-qvnouf.elementor.cloud\/#website","url":"https:\/\/stg-qvnouf.elementor.cloud\/","name":"Injurymap","description":"Fysioterapi for alle, overalt","publisher":{"@id":"https:\/\/stg-qvnouf.elementor.cloud\/#organization"},"potentialAction":[{"@type":"SearchAction","target":{"@type":"EntryPoint","urlTemplate":"https:\/\/stg-qvnouf.elementor.cloud\/?s={search_term_string}"},"query-input":{"@type":"PropertyValueSpecification","valueRequired":true,"valueName":"search_term_string"}}],"inLanguage":"nb-NO"},{"@type":"Organization","@id":"https:\/\/stg-qvnouf.elementor.cloud\/#organization","name":"Injurymap","url":"https:\/\/stg-qvnouf.elementor.cloud\/","logo":{"@type":"ImageObject","inLanguage":"nb-NO","@id":"https:\/\/stg-qvnouf.elementor.cloud\/#\/schema\/logo\/image\/","url":"https:\/\/stg-qvnouf.elementor.cloud\/wp-content\/uploads\/2023\/10\/injurymap-logo.svg","contentUrl":"https:\/\/stg-qvnouf.elementor.cloud\/wp-content\/uploads\/2023\/10\/injurymap-logo.svg","width":120,"height":26,"caption":"Injurymap"},"image":{"@id":"https:\/\/stg-qvnouf.elementor.cloud\/#\/schema\/logo\/image\/"},"sameAs":["https:\/\/www.facebook.com\/Injurymap\/","https:\/\/www.linkedin.com\/company\/injurymap"]}]}},"_links":{"self":[{"href":"https:\/\/stg-qvnouf.elementor.cloud\/no\/wp-json\/wp\/v2\/pages\/946","targetHints":{"allow":["GET"]}}],"collection":[{"href":"https:\/\/stg-qvnouf.elementor.cloud\/no\/wp-json\/wp\/v2\/pages"}],"about":[{"href":"https:\/\/stg-qvnouf.elementor.cloud\/no\/wp-json\/wp\/v2\/types\/page"}],"author":[{"embeddable":true,"href":"https:\/\/stg-qvnouf.elementor.cloud\/no\/wp-json\/wp\/v2\/users\/3"}],"replies":[{"embeddable":true,"href":"https:\/\/stg-qvnouf.elementor.cloud\/no\/wp-json\/wp\/v2\/comments?post=946"}],"version-history":[{"count":6,"href":"https:\/\/stg-qvnouf.elementor.cloud\/no\/wp-json\/wp\/v2\/pages\/946\/revisions"}],"predecessor-version":[{"id":9909,"href":"https:\/\/stg-qvnouf.elementor.cloud\/no\/wp-json\/wp\/v2\/pages\/946\/revisions\/9909"}],"wp:attachment":[{"href":"https:\/\/stg-qvnouf.elementor.cloud\/no\/wp-json\/wp\/v2\/media?parent=946"}],"curies":[{"name":"wp","href":"https:\/\/api.w.org\/{rel}","templated":true}]}}