{"id":8967,"date":"2025-03-11T14:25:06","date_gmt":"2025-03-11T14:25:06","guid":{"rendered":"https:\/\/stg-qvnouf.elementor.cloud\/?page_id=8967"},"modified":"2025-04-04T11:48:32","modified_gmt":"2025-04-04T11:48:32","slug":"fysioterapeut","status":"publish","type":"page","link":"https:\/\/stg-qvnouf.elementor.cloud\/da\/physiotherapist\/","title":{"rendered":"Fysioterapeuter"},"content":{"rendered":"<div data-elementor-type=\"wp-page\" data-elementor-id=\"8967\" class=\"elementor elementor-8967\" data-elementor-post-type=\"page\">\n\t\t\t\t<div class=\"elementor-element elementor-element-bdd3a85 e-flex e-con-boxed wpr-particle-no wpr-jarallax-no wpr-parallax-no wpr-sticky-section-no e-con e-parent\" data-id=\"bdd3a85\" data-element_type=\"container\" data-e-type=\"container\" data-settings=\"{&quot;background_background&quot;:&quot;classic&quot;}\">\n\t\t\t\t\t<div class=\"e-con-inner\">\n\t\t\t\t<div class=\"elementor-element elementor-element-1501975 elementor-widget elementor-widget-heading\" data-id=\"1501975\" data-element_type=\"widget\" data-e-type=\"widget\" data-widget_type=\"heading.default\">\n\t\t\t\t\t<h1 class=\"elementor-heading-title elementor-size-default\">Bliv medlem af Injurymaps behandlernetv\u00e6rk<\/h1>\t\t\t\t<\/div>\n\t\t\t\t<div class=\"elementor-element elementor-element-7ed202d elementor-widget elementor-widget-html\" data-id=\"7ed202d\" data-element_type=\"widget\" data-e-type=\"widget\" data-widget_type=\"html.default\">\n\t\t\t\t\t<div data-tf-live=\"01JPABME4JNTBH1VEF9J829Q6C\"><\/div><script src=\"\/\/embed.typeform.com\/next\/embed.js\"><\/script>\t\t\t\t<\/div>\n\t\t\t\t<div class=\"elementor-element elementor-element-82454d5 elementor-widget elementor-widget-text-editor\" data-id=\"82454d5\" data-element_type=\"widget\" data-e-type=\"widget\" data-widget_type=\"text-editor.default\">\n\t\t\t\t\t\t\t\t\t<p>Vi hj\u00e6lper selvst\u00e6ndige fysioterapeuter og klinikker med at udvide deres patientbase ved at kombinere personlig og online behandling. Du fokuserer p\u00e5 at behandle patienterme - vi h\u00e5ndterer patientflowet og logistikken.<\/p><p><strong>Helt uforpligtende<\/strong> - Udfyld formularen, s\u00e5 arrangerer vi et hurtigt opkald eller videom\u00f8de for at diskutere et potentielt samarbejde.<\/p>\t\t\t\t\t\t\t\t<\/div>\n\t\t\t\t<div class=\"elementor-element elementor-element-9cdacbf elementor-widget elementor-widget-heading\" data-id=\"9cdacbf\" data-element_type=\"widget\" data-e-type=\"widget\" data-widget_type=\"heading.default\">\n\t\t\t\t\t<h2 class=\"elementor-heading-title elementor-size-default\">Om Injurymaps behandlernetv\u00e6rk<\/h2>\t\t\t\t<\/div>\n\t\t\t\t<div class=\"elementor-element elementor-element-880b99b elementor-widget elementor-widget-text-editor\" data-id=\"880b99b\" data-element_type=\"widget\" data-e-type=\"widget\" data-widget_type=\"text-editor.default\">\n\t\t\t\t\t\t\t\t\t<p><strong>Flere patienter uden ekstra arbejde<\/strong><br \/>Vi sender patienter til din klinik gennem partnerskaber med sundhedsforsikringsudbydere. Du vil modtage lokale klienter, der er klar til at starte behandling, b\u00e5de til fysisk fremm\u00f8de og online.<br \/><br \/><b>Fleksibel behandling<br \/><\/b><span style=\"color: var( --e-global-color-secondary ); font-family: var( --e-global-typography-9313da9-font-family ), Sans-serif; font-size: var( --e-global-typography-9313da9-font-size ); background-color: var( --e-global-color-accent );\">Injurymap giver dig og dine patienter mulighed for at kombinere <\/span>fysisk behandling i klinikken med online opf\u00f8lgning i videokonsultationer<span style=\"color: var( --e-global-color-secondary ); font-family: var( --e-global-typography-9313da9-font-family ), Sans-serif; font-size: var( --e-global-typography-9313da9-font-size ); background-color: var( --e-global-color-accent );\">.<br \/><br \/><\/span><strong>Med vores app kan du:<\/strong><br data-start=\"432\" data-end=\"435\" \/>\u2714 F\u00f8lg patientens fremskridt, herunder tr\u00e6ning, smerteniveauer og bedring.<br data-start=\"511\" data-end=\"514\" \/>\u2714 Giv videobaserede \u00f8velser til nem hjemmetr\u00e6ning.<br data-start=\"573\" data-end=\"576\" data-is-only-node=\"\" \/>\u2714 Kommuniker direkte med patienterne via chat, og s\u00f8rg for hurtig og effektiv support<br \/><br \/><strong>Mindre administration, mere fritid<\/strong><br \/>N\u00e5r vi henviser en patient til dig, behandler du dem som normalt og fakturerer os direkte.<\/p><p>\u2714 72% af patientsagerne h\u00e5ndteres via vores app, hvilket reducerer behovet for manuelt at sende tr\u00e6ningsplaner via e-mail.<br \/>\u2714 Brug mindre tid p\u00e5 administrative opgaver og nyd mere fritid efter arbejde.<\/p><p><br \/>Vil du gerne diskutere, hvordan det kan fungere for dig? Udfyld formularen, s\u00e5 tager vi en hurtig snak!<\/p><p><strong>\u00a0<\/strong><\/p>\t\t\t\t\t\t\t\t<\/div>\n\t\t\t\t\t<\/div>\n\t\t\t\t<\/div>\n\t\t\t\t<\/div>","protected":false},"excerpt":{"rendered":"<p>Bliv en del af Injurymap's behandlernetv\u00e6rk Vi hj\u00e6lper uafh\u00e6ngige fysioterapeuter og klinikker med at udvide deres patientbase ved at kombinere personlig og online behandling. Du fokuserer p\u00e5 at behandle dine patienter - vi h\u00e5ndterer patientflowet og logistikken. Helt uforpligtende - udfyld formularen, s\u00e5 arrangerer vi et hurtigt opkald eller videom\u00f8de for at diskutere et potentielt samarbejde. Om Injurymap's netv\u00e6rk Flere patienter uden ekstra indsatsVi bringer patienter til din klinik gennem partnerskaber med sundhedsforsikringsudbydere. Du modtager lokale klienter, der er klar til at starte behandling, b\u00e5de personligt og online. Fleksibel behandling for bedre plejeVores l\u00f8sning giver dine patienter mulighed for at kombinere behandling i klinikken med online opf\u00f8lgning. Med vores app kan du:\u2714 F\u00f8lge patientens fremskridt, herunder tr\u00e6ning, smerteniveau og bedring.\u2714 Tilbyde videobaserede \u00f8velser til nem hjemmetr\u00e6ning.\u2714 Kommunikere direkte med patienterne via chat, hvilket sikrer hurtig og effektiv support Mindre administration, mere fritidN\u00e5r vi henviser en patient til dig, behandler du dem som s\u00e6dvanligt og fakturerer os direkte. \u2714 72% af patientsagerne h\u00e5ndteres via vores app, hvilket reducerer behovet for manuelt at sende tr\u00e6ningsplaner via e-mail.\u2714 Brug mindre tid p\u00e5 administrative opgaver, og nyd mere fritid efter arbejde. Vil du gerne diskutere, hvordan dette kan fungere for dig? Udfyld formularen, s\u00e5 tager vi en hurtig snak! \u00a0<\/p>","protected":false},"author":1,"featured_media":0,"parent":0,"menu_order":0,"comment_status":"closed","ping_status":"closed","template":"","meta":{"_acf_changed":false,"inline_featured_image":false,"footnotes":""},"class_list":["post-8967","page","type-page","status-publish","hentry"],"acf":[],"yoast_head":"<!-- This site is optimized with the Yoast SEO plugin v27.1.1 - https:\/\/yoast.com\/product\/yoast-seo-wordpress\/ -->\n<title>Physiotherapists - Injurymap<\/title>\n<meta name=\"robots\" content=\"index, follow, max-snippet:-1, max-image-preview:large, max-video-preview:-1\" \/>\n<link rel=\"canonical\" href=\"https:\/\/stg-qvnouf.elementor.cloud\/da\/fysioterapeut\/\" \/>\n<meta property=\"og:locale\" content=\"da_DK\" \/>\n<meta property=\"og:type\" content=\"article\" \/>\n<meta property=\"og:title\" content=\"Physiotherapists - Injurymap\" \/>\n<meta property=\"og:description\" content=\"Join Injurymap&#8217;s therapist network We help independent physiotherapists and clinics grow their patient base by combining in-person and online treatment. You focus on treating your patients\u2014we handle patient flow and logistics. Completely non-binding \u2013 Fill out the form, and we&#8217;ll set up a quick call or video meeting to discuss a potential collaboration. About Injurymap&#8217;s Network More Patients with No Extra EffortWe bring patients to your clinic through partnerships with health insurance providers. You\u2019ll receive local clients ready to start treatment, both in-person and online. Flexible Treatment for Better CareOur solution allows your patients to combine in-clinic treatment with online follow-ups. With our app, you can:\u2714 Track patient progress, including exercise, pain levels, and recovery.\u2714 Provide video-based exercises for easy home training.\u2714 Communicate directly with patients via chat, ensuring quick and efficient support Less Admin, More Free TimeWhen we refer a patient to you, you treat them as usual and bill us directly. \u2714 72% of patient cases are managed through our app, reducing the need to manually send training plans via email.\u2714 Spend less time on admin tasks and enjoy more time off after work. Would you like to discuss how this could work for you? Fill out the form, and we\u2019ll set up a quick chat! \u00a0\" \/>\n<meta property=\"og:url\" content=\"https:\/\/stg-qvnouf.elementor.cloud\/da\/fysioterapeut\/\" \/>\n<meta property=\"og:site_name\" content=\"Injurymap\" \/>\n<meta property=\"article:publisher\" content=\"https:\/\/www.facebook.com\/Injurymap\/\" \/>\n<meta property=\"article:modified_time\" content=\"2025-04-04T11:48:32+00:00\" \/>\n<meta name=\"twitter:card\" content=\"summary_large_image\" \/>\n<meta name=\"twitter:label1\" content=\"Estimeret l\u00e6setid\" \/>\n\t<meta name=\"twitter:data1\" content=\"1 minut\" \/>\n<script type=\"application\/ld+json\" class=\"yoast-schema-graph\">{\"@context\":\"https:\/\/schema.org\",\"@graph\":[{\"@type\":\"WebPage\",\"@id\":\"https:\/\/stg-qvnouf.elementor.cloud\/da\/physiotherapist\/\",\"url\":\"https:\/\/stg-qvnouf.elementor.cloud\/da\/physiotherapist\/\",\"name\":\"Physiotherapists - Injurymap\",\"isPartOf\":{\"@id\":\"https:\/\/stg-qvnouf.elementor.cloud\/#website\"},\"datePublished\":\"2025-03-11T14:25:06+00:00\",\"dateModified\":\"2025-04-04T11:48:32+00:00\",\"breadcrumb\":{\"@id\":\"https:\/\/stg-qvnouf.elementor.cloud\/da\/physiotherapist\/#breadcrumb\"},\"inLanguage\":\"da-DK\",\"potentialAction\":[{\"@type\":\"ReadAction\",\"target\":[\"https:\/\/stg-qvnouf.elementor.cloud\/da\/physiotherapist\/\"]}]},{\"@type\":\"BreadcrumbList\",\"@id\":\"https:\/\/stg-qvnouf.elementor.cloud\/da\/physiotherapist\/#breadcrumb\",\"itemListElement\":[{\"@type\":\"ListItem\",\"position\":1,\"name\":\"Home\",\"item\":\"https:\/\/stg-qvnouf.elementor.cloud\/\"},{\"@type\":\"ListItem\",\"position\":2,\"name\":\"Physiotherapists\"}]},{\"@type\":\"WebSite\",\"@id\":\"https:\/\/stg-qvnouf.elementor.cloud\/#website\",\"url\":\"https:\/\/stg-qvnouf.elementor.cloud\/\",\"name\":\"Injurymap\",\"description\":\"Physiotherapy for Everyone, Everywhere\",\"publisher\":{\"@id\":\"https:\/\/stg-qvnouf.elementor.cloud\/#organization\"},\"potentialAction\":[{\"@type\":\"SearchAction\",\"target\":{\"@type\":\"EntryPoint\",\"urlTemplate\":\"https:\/\/stg-qvnouf.elementor.cloud\/?s={search_term_string}\"},\"query-input\":{\"@type\":\"PropertyValueSpecification\",\"valueRequired\":true,\"valueName\":\"search_term_string\"}}],\"inLanguage\":\"da-DK\"},{\"@type\":\"Organization\",\"@id\":\"https:\/\/stg-qvnouf.elementor.cloud\/#organization\",\"name\":\"Injurymap\",\"url\":\"https:\/\/stg-qvnouf.elementor.cloud\/\",\"logo\":{\"@type\":\"ImageObject\",\"inLanguage\":\"da-DK\",\"@id\":\"https:\/\/stg-qvnouf.elementor.cloud\/#\/schema\/logo\/image\/\",\"url\":\"https:\/\/stg-qvnouf.elementor.cloud\/wp-content\/uploads\/2023\/10\/injurymap-logo.svg\",\"contentUrl\":\"https:\/\/stg-qvnouf.elementor.cloud\/wp-content\/uploads\/2023\/10\/injurymap-logo.svg\",\"width\":120,\"height\":26,\"caption\":\"Injurymap\"},\"image\":{\"@id\":\"https:\/\/stg-qvnouf.elementor.cloud\/#\/schema\/logo\/image\/\"},\"sameAs\":[\"https:\/\/www.facebook.com\/Injurymap\/\",\"https:\/\/www.linkedin.com\/company\/injurymap\"]}]}<\/script>\n<!-- \/ Yoast SEO plugin. -->","yoast_head_json":{"title":"Fysioterapeuter - Injurymap","robots":{"index":"index","follow":"follow","max-snippet":"max-snippet:-1","max-image-preview":"max-image-preview:large","max-video-preview":"max-video-preview:-1"},"canonical":"https:\/\/stg-qvnouf.elementor.cloud\/da\/fysioterapeut\/","og_locale":"da_DK","og_type":"article","og_title":"Physiotherapists - Injurymap","og_description":"Join Injurymap&#8217;s therapist network We help independent physiotherapists and clinics grow their patient base by combining in-person and online treatment. You focus on treating your patients\u2014we handle patient flow and logistics. Completely non-binding \u2013 Fill out the form, and we&#8217;ll set up a quick call or video meeting to discuss a potential collaboration. About Injurymap&#8217;s Network More Patients with No Extra EffortWe bring patients to your clinic through partnerships with health insurance providers. You\u2019ll receive local clients ready to start treatment, both in-person and online. Flexible Treatment for Better CareOur solution allows your patients to combine in-clinic treatment with online follow-ups. With our app, you can:\u2714 Track patient progress, including exercise, pain levels, and recovery.\u2714 Provide video-based exercises for easy home training.\u2714 Communicate directly with patients via chat, ensuring quick and efficient support Less Admin, More Free TimeWhen we refer a patient to you, you treat them as usual and bill us directly. \u2714 72% of patient cases are managed through our app, reducing the need to manually send training plans via email.\u2714 Spend less time on admin tasks and enjoy more time off after work. Would you like to discuss how this could work for you? Fill out the form, and we\u2019ll set up a quick chat! \u00a0","og_url":"https:\/\/stg-qvnouf.elementor.cloud\/da\/fysioterapeut\/","og_site_name":"Injurymap","article_publisher":"https:\/\/www.facebook.com\/Injurymap\/","article_modified_time":"2025-04-04T11:48:32+00:00","twitter_card":"summary_large_image","twitter_misc":{"Estimeret l\u00e6setid":"1 minut"},"schema":{"@context":"https:\/\/schema.org","@graph":[{"@type":"WebPage","@id":"https:\/\/stg-qvnouf.elementor.cloud\/da\/physiotherapist\/","url":"https:\/\/stg-qvnouf.elementor.cloud\/da\/physiotherapist\/","name":"Fysioterapeuter - Injurymap","isPartOf":{"@id":"https:\/\/stg-qvnouf.elementor.cloud\/#website"},"datePublished":"2025-03-11T14:25:06+00:00","dateModified":"2025-04-04T11:48:32+00:00","breadcrumb":{"@id":"https:\/\/stg-qvnouf.elementor.cloud\/da\/physiotherapist\/#breadcrumb"},"inLanguage":"da-DK","potentialAction":[{"@type":"ReadAction","target":["https:\/\/stg-qvnouf.elementor.cloud\/da\/physiotherapist\/"]}]},{"@type":"BreadcrumbList","@id":"https:\/\/stg-qvnouf.elementor.cloud\/da\/physiotherapist\/#breadcrumb","itemListElement":[{"@type":"ListItem","position":1,"name":"Home","item":"https:\/\/stg-qvnouf.elementor.cloud\/"},{"@type":"ListItem","position":2,"name":"Physiotherapists"}]},{"@type":"WebSite","@id":"https:\/\/stg-qvnouf.elementor.cloud\/#website","url":"https:\/\/stg-qvnouf.elementor.cloud\/","name":"Injurymap","description":"Fysioterapi for alle, overalt","publisher":{"@id":"https:\/\/stg-qvnouf.elementor.cloud\/#organization"},"potentialAction":[{"@type":"SearchAction","target":{"@type":"EntryPoint","urlTemplate":"https:\/\/stg-qvnouf.elementor.cloud\/?s={search_term_string}"},"query-input":{"@type":"PropertyValueSpecification","valueRequired":true,"valueName":"search_term_string"}}],"inLanguage":"da-DK"},{"@type":"Organization","@id":"https:\/\/stg-qvnouf.elementor.cloud\/#organization","name":"Injurymap","url":"https:\/\/stg-qvnouf.elementor.cloud\/","logo":{"@type":"ImageObject","inLanguage":"da-DK","@id":"https:\/\/stg-qvnouf.elementor.cloud\/#\/schema\/logo\/image\/","url":"https:\/\/stg-qvnouf.elementor.cloud\/wp-content\/uploads\/2023\/10\/injurymap-logo.svg","contentUrl":"https:\/\/stg-qvnouf.elementor.cloud\/wp-content\/uploads\/2023\/10\/injurymap-logo.svg","width":120,"height":26,"caption":"Injurymap"},"image":{"@id":"https:\/\/stg-qvnouf.elementor.cloud\/#\/schema\/logo\/image\/"},"sameAs":["https:\/\/www.facebook.com\/Injurymap\/","https:\/\/www.linkedin.com\/company\/injurymap"]}]}},"_links":{"self":[{"href":"https:\/\/stg-qvnouf.elementor.cloud\/da\/wp-json\/wp\/v2\/pages\/8967","targetHints":{"allow":["GET"]}}],"collection":[{"href":"https:\/\/stg-qvnouf.elementor.cloud\/da\/wp-json\/wp\/v2\/pages"}],"about":[{"href":"https:\/\/stg-qvnouf.elementor.cloud\/da\/wp-json\/wp\/v2\/types\/page"}],"author":[{"embeddable":true,"href":"https:\/\/stg-qvnouf.elementor.cloud\/da\/wp-json\/wp\/v2\/users\/1"}],"replies":[{"embeddable":true,"href":"https:\/\/stg-qvnouf.elementor.cloud\/da\/wp-json\/wp\/v2\/comments?post=8967"}],"version-history":[{"count":9,"href":"https:\/\/stg-qvnouf.elementor.cloud\/da\/wp-json\/wp\/v2\/pages\/8967\/revisions"}],"predecessor-version":[{"id":9537,"href":"https:\/\/stg-qvnouf.elementor.cloud\/da\/wp-json\/wp\/v2\/pages\/8967\/revisions\/9537"}],"wp:attachment":[{"href":"https:\/\/stg-qvnouf.elementor.cloud\/da\/wp-json\/wp\/v2\/media?parent=8967"}],"curies":[{"name":"wp","href":"https:\/\/api.w.org\/{rel}","templated":true}]}}