{"id":1025,"date":"2023-11-01T19:47:03","date_gmt":"2023-11-01T19:47:03","guid":{"rendered":"https:\/\/stg-qvnouf.elementor.cloud\/?page_id=1025"},"modified":"2024-02-07T13:38:47","modified_gmt":"2024-02-07T13:38:47","slug":"kontakt-os","status":"publish","type":"page","link":"https:\/\/stg-qvnouf.elementor.cloud\/da\/company\/contact-us\/","title":{"rendered":"Kontakt os"},"content":{"rendered":"\t\t<div data-elementor-type=\"wp-post\" data-elementor-id=\"1025\" class=\"elementor elementor-1025\" data-elementor-post-type=\"page\">\n\t\t\t\t<div class=\"elementor-element elementor-element-932c3b1 e-con-full e-flex wpr-particle-no wpr-jarallax-no wpr-parallax-no wpr-sticky-section-no e-con e-parent\" data-id=\"932c3b1\" data-element_type=\"container\" data-e-type=\"container\">\n\t\t<div class=\"elementor-element elementor-element-e2b7377 e-con-full e-flex wpr-particle-no wpr-jarallax-no wpr-parallax-no wpr-sticky-section-no e-con e-child\" data-id=\"e2b7377\" data-element_type=\"container\" data-e-type=\"container\">\n\t\t\t\t<div class=\"elementor-element elementor-element-bd7d71a elementor-widget elementor-widget-heading\" data-id=\"bd7d71a\" data-element_type=\"widget\" data-e-type=\"widget\" data-widget_type=\"heading.default\">\n\t\t\t\t\t<h6 class=\"elementor-heading-title elementor-size-default\">Contact Us<\/h6>\t\t\t\t<\/div>\n\t\t\t\t<div class=\"elementor-element elementor-element-5952fa0 elementor-widget-tablet__width-initial elementor-widget elementor-widget-text-editor\" data-id=\"5952fa0\" data-element_type=\"widget\" data-e-type=\"widget\" data-widget_type=\"text-editor.default\">\n\t\t\t\t\t\t\t\t\t<p>Have a question, feedback, or just want to get in touch with us? We&#8217;d love to hear from you! Please complete the form, and we will respond as swiftly as possible.<\/p><p><strong>Are you looking for technical support?<\/strong> <br \/>Please take a look at our dedicated support page <a href=\"https:\/\/www.injurymap.com\/support\"><span style=\"text-decoration: underline;\">right here<\/span><\/a>.<\/p>\t\t\t\t\t\t\t\t<\/div>\n\t\t\t\t<\/div>\n\t\t\t\t<div class=\"elementor-element elementor-element-aa41b49 elementor-button-align-stretch elementor-widget elementor-widget-form\" data-id=\"aa41b49\" data-element_type=\"widget\" data-e-type=\"widget\" data-settings=\"{&quot;step_next_label&quot;:&quot;Next&quot;,&quot;step_previous_label&quot;:&quot;Previous&quot;,&quot;button_width&quot;:&quot;20&quot;,&quot;dce_confirm_dialog_enabled&quot;:&quot;no&quot;,&quot;step_type&quot;:&quot;number_text&quot;,&quot;step_icon_shape&quot;:&quot;circle&quot;,&quot;label_icon_size&quot;:{&quot;unit&quot;:&quot;px&quot;,&quot;size&quot;:&quot;&quot;,&quot;sizes&quot;:[]},&quot;field_icon_size&quot;:{&quot;unit&quot;:&quot;px&quot;,&quot;size&quot;:&quot;&quot;,&quot;sizes&quot;:[]}}\" data-widget_type=\"form.default\">\n\t\t\t\t\t\t\t<form class=\"elementor-form\" method=\"post\" name=\"New Form\" aria-label=\"New Form\">\n\t\t\t<input type=\"hidden\" name=\"post_id\" value=\"1025\"\/>\n\t\t\t<input type=\"hidden\" name=\"form_id\" value=\"aa41b49\"\/>\n\t\t\t<input type=\"hidden\" name=\"referer_title\" value=\"Contact Us - Injurymap\" \/>\n\n\t\t\t\t\t\t\t<input type=\"hidden\" name=\"queried_id\" value=\"1025\"\/>\n\t\t\t\n\t\t\t<div class=\"elementor-form-fields-wrapper elementor-labels-above\">\n\t\t\t\t\t\t\t\t<div class=\"elementor-field-type-text elementor-field-group elementor-column elementor-field-group-name elementor-col-100\">\n\t\t\t\t\t\t\t\t\t\t\t\t<label for=\"form-field-name\" class=\"elementor-field-label\">\n\t\t\t\t\t\t\t\tName\t\t\t\t\t\t\t<\/label>\n\t\t\t\t\t\t\t\t\t\t\t\t\t\t<input size=\"1\" type=\"text\" name=\"form_fields[name]\" id=\"form-field-name\" class=\"elementor-field elementor-size-sm  elementor-field-textual\" placeholder=\"Name\">\n\t\t\t\t\t\t\t\t\t\t\t<\/div>\n\t\t\t\t\t\t\t\t<div class=\"elementor-field-type-email elementor-field-group elementor-column elementor-field-group-email elementor-col-100 elementor-field-required\">\n\t\t\t\t\t\t\t\t\t\t\t\t<label for=\"form-field-email\" class=\"elementor-field-label\">\n\t\t\t\t\t\t\t\tEmail\t\t\t\t\t\t\t<\/label>\n\t\t\t\t\t\t\t\t\t\t\t\t\t\t<input size=\"1\" type=\"email\" name=\"form_fields[email]\" id=\"form-field-email\" class=\"elementor-field elementor-size-sm  elementor-field-textual\" placeholder=\"Email\" required=\"required\">\n\t\t\t\t\t\t\t\t\t\t\t<\/div>\n\t\t\t\t\t\t\t\t<div class=\"elementor-field-type-textarea elementor-field-group elementor-column elementor-field-group-message elementor-col-100\">\n\t\t\t\t\t\t\t\t\t\t\t\t<label for=\"form-field-message\" class=\"elementor-field-label\">\n\t\t\t\t\t\t\t\tMessage\t\t\t\t\t\t\t<\/label>\n\t\t\t\t\t\t<textarea class=\"elementor-field-textual elementor-field  elementor-size-sm\" name=\"form_fields[message]\" id=\"form-field-message\" rows=\"4\" placeholder=\"Message\"><\/textarea>\t\t\t\t<\/div>\n\t\t\t\t\t\t\t\t<div class=\"elementor-field-group elementor-column elementor-field-type-submit elementor-col-20 e-form__buttons\">\n\t\t\t\t\t<button class=\"elementor-button elementor-size-sm\" type=\"submit\">\n\t\t\t\t\t\t<span class=\"elementor-button-content-wrapper\">\n\t\t\t\t\t\t\t\t\t\t\t\t\t\t\t\t\t\t\t\t\t\t<span class=\"elementor-button-text\">Send<\/span>\n\t\t\t\t\t\t\t\t\t\t\t\t\t<\/span>\n\t\t\t\t\t<\/button>\n\t\t\t\t<\/div>\n\t\t\t<\/div>\n\t\t<\/form>\n\t\t\t\t\t\t<\/div>\n\t\t\t\t<\/div>\n\t\t\t\t<\/div>\n\t\t","protected":false},"excerpt":{"rendered":"<p>Kontakt os Har du et sp\u00f8rgsm\u00e5l, feedback eller bare lyst til at komme i kontakt med os? Vi vil meget gerne h\u00f8re fra dig! Udfyld venligst formularen, s\u00e5 svarer vi s\u00e5 hurtigt som muligt. Leder du efter teknisk support? Tag et kig p\u00e5 vores dedikerede supportside lige her.<\/p>","protected":false},"author":3,"featured_media":0,"parent":23,"menu_order":0,"comment_status":"closed","ping_status":"closed","template":"elementor_header_footer","meta":{"_acf_changed":false,"inline_featured_image":false,"footnotes":""},"class_list":["post-1025","page","type-page","status-publish","hentry"],"acf":[],"yoast_head":"<!-- This site is optimized with the Yoast SEO plugin v27.1.1 - https:\/\/yoast.com\/product\/yoast-seo-wordpress\/ -->\n<title>Contact Us - Injurymap<\/title>\n<meta name=\"robots\" content=\"index, follow, max-snippet:-1, max-image-preview:large, max-video-preview:-1\" \/>\n<link rel=\"canonical\" href=\"https:\/\/kwtwryzc.elementor.cloud\/company\/contact-us\/\" \/>\n<meta property=\"og:locale\" content=\"da_DK\" \/>\n<meta property=\"og:type\" content=\"article\" \/>\n<meta property=\"og:title\" content=\"Contact Us - Injurymap\" \/>\n<meta property=\"og:description\" content=\"Contact Us Have a question, feedback, or just want to get in touch with us? We&#8217;d love to hear from you! Please complete the form, and we will respond as swiftly as possible. Are you looking for technical support? Please take a look at our dedicated support page right here.\" \/>\n<meta property=\"og:url\" content=\"https:\/\/kwtwryzc.elementor.cloud\/company\/contact-us\/\" \/>\n<meta property=\"og:site_name\" content=\"Injurymap\" \/>\n<meta property=\"article:publisher\" content=\"https:\/\/www.facebook.com\/Injurymap\/\" \/>\n<meta property=\"article:modified_time\" content=\"2024-02-07T13:38:47+00:00\" \/>\n<meta name=\"twitter:card\" content=\"summary_large_image\" \/>\n<script type=\"application\/ld+json\" class=\"yoast-schema-graph\">{\"@context\":\"https:\/\/schema.org\",\"@graph\":[{\"@type\":\"WebPage\",\"@id\":\"https:\/\/kwtwryzc.elementor.cloud\/company\/contact-us\/\",\"url\":\"https:\/\/kwtwryzc.elementor.cloud\/company\/contact-us\/\",\"name\":\"Contact Us - Injurymap\",\"isPartOf\":{\"@id\":\"https:\/\/stg-qvnouf.elementor.cloud\/#website\"},\"datePublished\":\"2023-11-01T19:47:03+00:00\",\"dateModified\":\"2024-02-07T13:38:47+00:00\",\"breadcrumb\":{\"@id\":\"https:\/\/kwtwryzc.elementor.cloud\/company\/contact-us\/#breadcrumb\"},\"inLanguage\":\"da-DK\",\"potentialAction\":[{\"@type\":\"ReadAction\",\"target\":[\"https:\/\/kwtwryzc.elementor.cloud\/company\/contact-us\/\"]}]},{\"@type\":\"BreadcrumbList\",\"@id\":\"https:\/\/kwtwryzc.elementor.cloud\/company\/contact-us\/#breadcrumb\",\"itemListElement\":[{\"@type\":\"ListItem\",\"position\":1,\"name\":\"Home\",\"item\":\"https:\/\/stg-qvnouf.elementor.cloud\/\"},{\"@type\":\"ListItem\",\"position\":2,\"name\":\"Company\",\"item\":\"https:\/\/kwtwryzc.elementor.cloud\/company\/\"},{\"@type\":\"ListItem\",\"position\":3,\"name\":\"Contact Us\"}]},{\"@type\":\"WebSite\",\"@id\":\"https:\/\/stg-qvnouf.elementor.cloud\/#website\",\"url\":\"https:\/\/stg-qvnouf.elementor.cloud\/\",\"name\":\"Injurymap\",\"description\":\"Physiotherapy for Everyone, Everywhere\",\"publisher\":{\"@id\":\"https:\/\/stg-qvnouf.elementor.cloud\/#organization\"},\"potentialAction\":[{\"@type\":\"SearchAction\",\"target\":{\"@type\":\"EntryPoint\",\"urlTemplate\":\"https:\/\/stg-qvnouf.elementor.cloud\/?s={search_term_string}\"},\"query-input\":{\"@type\":\"PropertyValueSpecification\",\"valueRequired\":true,\"valueName\":\"search_term_string\"}}],\"inLanguage\":\"da-DK\"},{\"@type\":\"Organization\",\"@id\":\"https:\/\/stg-qvnouf.elementor.cloud\/#organization\",\"name\":\"Injurymap\",\"url\":\"https:\/\/stg-qvnouf.elementor.cloud\/\",\"logo\":{\"@type\":\"ImageObject\",\"inLanguage\":\"da-DK\",\"@id\":\"https:\/\/stg-qvnouf.elementor.cloud\/#\/schema\/logo\/image\/\",\"url\":\"https:\/\/stg-qvnouf.elementor.cloud\/wp-content\/uploads\/2023\/10\/injurymap-logo.svg\",\"contentUrl\":\"https:\/\/stg-qvnouf.elementor.cloud\/wp-content\/uploads\/2023\/10\/injurymap-logo.svg\",\"width\":120,\"height\":26,\"caption\":\"Injurymap\"},\"image\":{\"@id\":\"https:\/\/stg-qvnouf.elementor.cloud\/#\/schema\/logo\/image\/\"},\"sameAs\":[\"https:\/\/www.facebook.com\/Injurymap\/\",\"https:\/\/www.linkedin.com\/company\/injurymap\"]}]}<\/script>\n<!-- \/ Yoast SEO plugin. -->","yoast_head_json":{"title":"Kontakt os - Injurymap","robots":{"index":"index","follow":"follow","max-snippet":"max-snippet:-1","max-image-preview":"max-image-preview:large","max-video-preview":"max-video-preview:-1"},"canonical":"https:\/\/kwtwryzc.elementor.cloud\/company\/contact-us\/","og_locale":"da_DK","og_type":"article","og_title":"Contact Us - Injurymap","og_description":"Contact Us Have a question, feedback, or just want to get in touch with us? We&#8217;d love to hear from you! Please complete the form, and we will respond as swiftly as possible. Are you looking for technical support? Please take a look at our dedicated support page right here.","og_url":"https:\/\/kwtwryzc.elementor.cloud\/company\/contact-us\/","og_site_name":"Injurymap","article_publisher":"https:\/\/www.facebook.com\/Injurymap\/","article_modified_time":"2024-02-07T13:38:47+00:00","twitter_card":"summary_large_image","schema":{"@context":"https:\/\/schema.org","@graph":[{"@type":"WebPage","@id":"https:\/\/kwtwryzc.elementor.cloud\/company\/contact-us\/","url":"https:\/\/kwtwryzc.elementor.cloud\/company\/contact-us\/","name":"Kontakt os - Injurymap","isPartOf":{"@id":"https:\/\/stg-qvnouf.elementor.cloud\/#website"},"datePublished":"2023-11-01T19:47:03+00:00","dateModified":"2024-02-07T13:38:47+00:00","breadcrumb":{"@id":"https:\/\/kwtwryzc.elementor.cloud\/company\/contact-us\/#breadcrumb"},"inLanguage":"da-DK","potentialAction":[{"@type":"ReadAction","target":["https:\/\/kwtwryzc.elementor.cloud\/company\/contact-us\/"]}]},{"@type":"BreadcrumbList","@id":"https:\/\/kwtwryzc.elementor.cloud\/company\/contact-us\/#breadcrumb","itemListElement":[{"@type":"ListItem","position":1,"name":"Home","item":"https:\/\/stg-qvnouf.elementor.cloud\/"},{"@type":"ListItem","position":2,"name":"Company","item":"https:\/\/kwtwryzc.elementor.cloud\/company\/"},{"@type":"ListItem","position":3,"name":"Contact Us"}]},{"@type":"WebSite","@id":"https:\/\/stg-qvnouf.elementor.cloud\/#website","url":"https:\/\/stg-qvnouf.elementor.cloud\/","name":"Injurymap","description":"Fysioterapi for alle, overalt","publisher":{"@id":"https:\/\/stg-qvnouf.elementor.cloud\/#organization"},"potentialAction":[{"@type":"SearchAction","target":{"@type":"EntryPoint","urlTemplate":"https:\/\/stg-qvnouf.elementor.cloud\/?s={search_term_string}"},"query-input":{"@type":"PropertyValueSpecification","valueRequired":true,"valueName":"search_term_string"}}],"inLanguage":"da-DK"},{"@type":"Organization","@id":"https:\/\/stg-qvnouf.elementor.cloud\/#organization","name":"Injurymap","url":"https:\/\/stg-qvnouf.elementor.cloud\/","logo":{"@type":"ImageObject","inLanguage":"da-DK","@id":"https:\/\/stg-qvnouf.elementor.cloud\/#\/schema\/logo\/image\/","url":"https:\/\/stg-qvnouf.elementor.cloud\/wp-content\/uploads\/2023\/10\/injurymap-logo.svg","contentUrl":"https:\/\/stg-qvnouf.elementor.cloud\/wp-content\/uploads\/2023\/10\/injurymap-logo.svg","width":120,"height":26,"caption":"Injurymap"},"image":{"@id":"https:\/\/stg-qvnouf.elementor.cloud\/#\/schema\/logo\/image\/"},"sameAs":["https:\/\/www.facebook.com\/Injurymap\/","https:\/\/www.linkedin.com\/company\/injurymap"]}]}},"_links":{"self":[{"href":"https:\/\/stg-qvnouf.elementor.cloud\/da\/wp-json\/wp\/v2\/pages\/1025","targetHints":{"allow":["GET"]}}],"collection":[{"href":"https:\/\/stg-qvnouf.elementor.cloud\/da\/wp-json\/wp\/v2\/pages"}],"about":[{"href":"https:\/\/stg-qvnouf.elementor.cloud\/da\/wp-json\/wp\/v2\/types\/page"}],"author":[{"embeddable":true,"href":"https:\/\/stg-qvnouf.elementor.cloud\/da\/wp-json\/wp\/v2\/users\/3"}],"replies":[{"embeddable":true,"href":"https:\/\/stg-qvnouf.elementor.cloud\/da\/wp-json\/wp\/v2\/comments?post=1025"}],"version-history":[{"count":0,"href":"https:\/\/stg-qvnouf.elementor.cloud\/da\/wp-json\/wp\/v2\/pages\/1025\/revisions"}],"up":[{"embeddable":true,"href":"https:\/\/stg-qvnouf.elementor.cloud\/da\/wp-json\/wp\/v2\/pages\/23"}],"wp:attachment":[{"href":"https:\/\/stg-qvnouf.elementor.cloud\/da\/wp-json\/wp\/v2\/media?parent=1025"}],"curies":[{"name":"wp","href":"https:\/\/api.w.org\/{rel}","templated":true}]}}