{"id":1019,"date":"2023-11-01T19:45:55","date_gmt":"2023-11-01T19:45:55","guid":{"rendered":"https:\/\/stg-qvnouf.elementor.cloud\/?page_id=1019"},"modified":"2024-02-19T11:58:44","modified_gmt":"2024-02-19T11:58:44","slug":"karriere","status":"publish","type":"page","link":"https:\/\/stg-qvnouf.elementor.cloud\/da\/company\/career\/","title":{"rendered":"Karriere"},"content":{"rendered":"\t\t<div data-elementor-type=\"wp-post\" data-elementor-id=\"1019\" class=\"elementor elementor-1019\" data-elementor-post-type=\"page\">\n\t\t\t\t<div class=\"elementor-element elementor-element-b0e474d e-con-full e-flex wpr-particle-no wpr-jarallax-no wpr-parallax-no wpr-sticky-section-no e-con e-parent\" data-id=\"b0e474d\" data-element_type=\"container\" data-e-type=\"container\">\n\t\t<div class=\"elementor-element elementor-element-e22aea6 e-con-full e-flex wpr-particle-no wpr-jarallax-no wpr-parallax-no wpr-sticky-section-no e-con e-child\" data-id=\"e22aea6\" data-element_type=\"container\" data-e-type=\"container\">\n\t\t\t\t<div class=\"elementor-element elementor-element-4060fc2 elementor-widget elementor-widget-heading\" data-id=\"4060fc2\" data-element_type=\"widget\" data-e-type=\"widget\" data-widget_type=\"heading.default\">\n\t\t\t\t\t<h6 class=\"elementor-heading-title elementor-size-default\">Join Our Team at Injurymap<\/h6>\t\t\t\t<\/div>\n\t\t\t\t<div class=\"elementor-element elementor-element-c55b02c elementor-widget-tablet__width-initial elementor-widget elementor-widget-text-editor\" data-id=\"c55b02c\" data-element_type=\"widget\" data-e-type=\"widget\" data-widget_type=\"text-editor.default\">\n\t\t\t\t\t\t\t\t\t<p>Are you passionate about making a positive impact on people&#8217;s lives? At Injurymap, we&#8217;re on a mission to revolutionize the way individuals manage and recover from injuries and chronic pain. <br \/><br \/>If you&#8217;re looking for a dynamic and innovative environment where your talents can shine, we&#8217;d love to hear from you.\u00a0<\/p>\t\t\t\t\t\t\t\t<\/div>\n\t\t\t\t<\/div>\n\t\t\t\t<div class=\"elementor-element elementor-element-4cc9439 elementor-button-align-stretch elementor-widget elementor-widget-form\" data-id=\"4cc9439\" data-element_type=\"widget\" data-e-type=\"widget\" data-settings=\"{&quot;step_next_label&quot;:&quot;Next&quot;,&quot;step_previous_label&quot;:&quot;Previous&quot;,&quot;button_width&quot;:&quot;20&quot;,&quot;dce_confirm_dialog_enabled&quot;:&quot;no&quot;,&quot;step_type&quot;:&quot;number_text&quot;,&quot;step_icon_shape&quot;:&quot;circle&quot;,&quot;label_icon_size&quot;:{&quot;unit&quot;:&quot;px&quot;,&quot;size&quot;:&quot;&quot;,&quot;sizes&quot;:[]},&quot;field_icon_size&quot;:{&quot;unit&quot;:&quot;px&quot;,&quot;size&quot;:&quot;&quot;,&quot;sizes&quot;:[]}}\" data-widget_type=\"form.default\">\n\t\t\t\t\t\t\t<form class=\"elementor-form\" method=\"post\" name=\"New Form\" aria-label=\"New Form\">\n\t\t\t<input type=\"hidden\" name=\"post_id\" value=\"1019\"\/>\n\t\t\t<input type=\"hidden\" name=\"form_id\" value=\"4cc9439\"\/>\n\t\t\t<input type=\"hidden\" name=\"referer_title\" value=\"Career - Injurymap\" \/>\n\n\t\t\t\t\t\t\t<input type=\"hidden\" name=\"queried_id\" value=\"1019\"\/>\n\t\t\t\n\t\t\t<div class=\"elementor-form-fields-wrapper elementor-labels-above\">\n\t\t\t\t\t\t\t\t<div class=\"elementor-field-type-text elementor-field-group elementor-column elementor-field-group-name elementor-col-100\">\n\t\t\t\t\t\t\t\t\t\t\t\t<label for=\"form-field-name\" class=\"elementor-field-label\">\n\t\t\t\t\t\t\t\tName\t\t\t\t\t\t\t<\/label>\n\t\t\t\t\t\t\t\t\t\t\t\t\t\t<input size=\"1\" type=\"text\" name=\"form_fields[name]\" id=\"form-field-name\" class=\"elementor-field elementor-size-sm  elementor-field-textual\" placeholder=\"Name\">\n\t\t\t\t\t\t\t\t\t\t\t<\/div>\n\t\t\t\t\t\t\t\t<div class=\"elementor-field-type-email elementor-field-group elementor-column elementor-field-group-email elementor-col-100 elementor-field-required\">\n\t\t\t\t\t\t\t\t\t\t\t\t<label for=\"form-field-email\" class=\"elementor-field-label\">\n\t\t\t\t\t\t\t\tEmail\t\t\t\t\t\t\t<\/label>\n\t\t\t\t\t\t\t\t\t\t\t\t\t\t<input size=\"1\" type=\"email\" name=\"form_fields[email]\" id=\"form-field-email\" class=\"elementor-field elementor-size-sm  elementor-field-textual\" placeholder=\"Email\" required=\"required\">\n\t\t\t\t\t\t\t\t\t\t\t<\/div>\n\t\t\t\t\t\t\t\t<div class=\"elementor-field-type-select elementor-field-group elementor-column elementor-field-group-field_2af51e3 elementor-col-100\">\n\t\t\t\t\t\t\t\t\t\t\t\t<label for=\"form-field-field_2af51e3\" class=\"elementor-field-label\">\n\t\t\t\t\t\t\t\tField of Expertise\t\t\t\t\t\t\t<\/label>\n\t\t\t\t\t\t\t\t<div class=\"elementor-field elementor-select-wrapper remove-before \">\n\t\t\t<div class=\"select-caret-down-wrapper\">\n\t\t\t\t<svg aria-hidden=\"true\" class=\"e-font-icon-svg e-eicon-caret-down\" viewBox=\"0 0 571.4 571.4\" xmlns=\"http:\/\/www.w3.org\/2000\/svg\"><path d=\"M571 393Q571 407 561 418L311 668Q300 679 286 679T261 668L11 418Q0 407 0 393T11 368 36 357H536Q550 357 561 368T571 393Z\"><\/path><\/svg>\t\t\t<\/div>\n\t\t\t<select name=\"form_fields[field_2af51e3]\" id=\"form-field-field_2af51e3\" class=\"elementor-field-textual elementor-size-sm\">\n\t\t\t\t\t\t\t\t\t<option value=\"-\">-<\/option>\n\t\t\t\t\t\t\t\t\t<option value=\"Physiotherapy\">Physiotherapy<\/option>\n\t\t\t\t\t\t\t\t\t<option value=\"Data\/Programming\">Data\/Programming<\/option>\n\t\t\t\t\t\t\t\t\t<option value=\"Sales\/Marketing\">Sales\/Marketing<\/option>\n\t\t\t\t\t\t\t\t\t<option value=\"HR\">HR<\/option>\n\t\t\t\t\t\t\t\t\t<option value=\"Support &amp; Customer Succes\">Support &amp; Customer Succes<\/option>\n\t\t\t\t\t\t\t\t\t<option value=\"Financial Management\">Financial Management<\/option>\n\t\t\t\t\t\t\t\t\t<option value=\"Quality Assurance\">Quality Assurance<\/option>\n\t\t\t\t\t\t\t\t\t<option value=\"Legal \/ Risk Management\">Legal \/ Risk Management<\/option>\n\t\t\t\t\t\t\t\t\t<option value=\"Medical \/ Publich Health\">Medical \/ Publich Health<\/option>\n\t\t\t\t\t\t\t\t\t<option value=\"Other (please specify)\">Other (please specify)<\/option>\n\t\t\t\t\t\t\t<\/select>\n\t\t<\/div>\n\t\t\t\t\t\t<\/div>\n\t\t\t\t\t\t\t\t<div class=\"elementor-field-type-textarea elementor-field-group elementor-column elementor-field-group-message elementor-col-100\">\n\t\t\t\t\t\t\t\t\t\t\t\t<label for=\"form-field-message\" class=\"elementor-field-label\">\n\t\t\t\t\t\t\t\tMessage\t\t\t\t\t\t\t<\/label>\n\t\t\t\t\t\t<textarea class=\"elementor-field-textual elementor-field  elementor-size-sm\" name=\"form_fields[message]\" id=\"form-field-message\" rows=\"4\" placeholder=\"Message\"><\/textarea>\t\t\t\t<\/div>\n\t\t\t\t\t\t\t\t<div class=\"elementor-field-group elementor-column elementor-field-type-submit elementor-col-20 e-form__buttons\">\n\t\t\t\t\t<button class=\"elementor-button elementor-size-sm\" type=\"submit\">\n\t\t\t\t\t\t<span class=\"elementor-button-content-wrapper\">\n\t\t\t\t\t\t\t\t\t\t\t\t\t\t\t\t\t\t\t\t\t\t<span class=\"elementor-button-text\">Send<\/span>\n\t\t\t\t\t\t\t\t\t\t\t\t\t<\/span>\n\t\t\t\t\t<\/button>\n\t\t\t\t<\/div>\n\t\t\t<\/div>\n\t\t<\/form>\n\t\t\t\t\t\t<\/div>\n\t\t\t\t<\/div>\n\t\t\t\t<\/div>\n\t\t","protected":false},"excerpt":{"rendered":"<p>Bliv en del af vores team hos Injurymap Br\u00e6nder du for at g\u00f8re en positiv forskel i folks liv? Hos Injurymap er vi p\u00e5 en mission for at revolutionere den m\u00e5de, hvorp\u00e5 mennesker h\u00e5ndterer og kommer sig over skader og kroniske smerter. Hvis du leder efter et dynamisk og innovativt milj\u00f8, hvor dine talenter kan str\u00e5le, vil vi meget gerne h\u00f8re fra dig.\u00a0<\/p>","protected":false},"author":3,"featured_media":0,"parent":23,"menu_order":0,"comment_status":"closed","ping_status":"closed","template":"elementor_header_footer","meta":{"_acf_changed":false,"inline_featured_image":false,"footnotes":""},"class_list":["post-1019","page","type-page","status-publish","hentry"],"acf":[],"yoast_head":"<!-- This site is optimized with the Yoast SEO plugin v27.1.1 - https:\/\/yoast.com\/product\/yoast-seo-wordpress\/ -->\n<title>Career - Injurymap<\/title>\n<meta name=\"robots\" content=\"index, follow, max-snippet:-1, max-image-preview:large, max-video-preview:-1\" \/>\n<link rel=\"canonical\" href=\"https:\/\/kwtwryzc.elementor.cloud\/company\/career\/\" \/>\n<meta property=\"og:locale\" content=\"da_DK\" \/>\n<meta property=\"og:type\" content=\"article\" \/>\n<meta property=\"og:title\" content=\"Career - Injurymap\" \/>\n<meta property=\"og:description\" content=\"Join Our Team at Injurymap Are you passionate about making a positive impact on people&#8217;s lives? At Injurymap, we&#8217;re on a mission to revolutionize the way individuals manage and recover from injuries and chronic pain. If you&#8217;re looking for a dynamic and innovative environment where your talents can shine, we&#8217;d love to hear from you.\u00a0\" \/>\n<meta property=\"og:url\" content=\"https:\/\/kwtwryzc.elementor.cloud\/company\/career\/\" \/>\n<meta property=\"og:site_name\" content=\"Injurymap\" \/>\n<meta property=\"article:publisher\" content=\"https:\/\/www.facebook.com\/Injurymap\/\" \/>\n<meta property=\"article:modified_time\" content=\"2024-02-19T11:58:44+00:00\" \/>\n<meta name=\"twitter:card\" content=\"summary_large_image\" \/>\n<script type=\"application\/ld+json\" class=\"yoast-schema-graph\">{\"@context\":\"https:\/\/schema.org\",\"@graph\":[{\"@type\":\"WebPage\",\"@id\":\"https:\/\/kwtwryzc.elementor.cloud\/company\/career\/\",\"url\":\"https:\/\/kwtwryzc.elementor.cloud\/company\/career\/\",\"name\":\"Career - Injurymap\",\"isPartOf\":{\"@id\":\"https:\/\/stg-qvnouf.elementor.cloud\/#website\"},\"datePublished\":\"2023-11-01T19:45:55+00:00\",\"dateModified\":\"2024-02-19T11:58:44+00:00\",\"breadcrumb\":{\"@id\":\"https:\/\/kwtwryzc.elementor.cloud\/company\/career\/#breadcrumb\"},\"inLanguage\":\"da-DK\",\"potentialAction\":[{\"@type\":\"ReadAction\",\"target\":[\"https:\/\/kwtwryzc.elementor.cloud\/company\/career\/\"]}]},{\"@type\":\"BreadcrumbList\",\"@id\":\"https:\/\/kwtwryzc.elementor.cloud\/company\/career\/#breadcrumb\",\"itemListElement\":[{\"@type\":\"ListItem\",\"position\":1,\"name\":\"Home\",\"item\":\"https:\/\/stg-qvnouf.elementor.cloud\/\"},{\"@type\":\"ListItem\",\"position\":2,\"name\":\"Company\",\"item\":\"https:\/\/kwtwryzc.elementor.cloud\/company\/\"},{\"@type\":\"ListItem\",\"position\":3,\"name\":\"Career\"}]},{\"@type\":\"WebSite\",\"@id\":\"https:\/\/stg-qvnouf.elementor.cloud\/#website\",\"url\":\"https:\/\/stg-qvnouf.elementor.cloud\/\",\"name\":\"Injurymap\",\"description\":\"Physiotherapy for Everyone, Everywhere\",\"publisher\":{\"@id\":\"https:\/\/stg-qvnouf.elementor.cloud\/#organization\"},\"potentialAction\":[{\"@type\":\"SearchAction\",\"target\":{\"@type\":\"EntryPoint\",\"urlTemplate\":\"https:\/\/stg-qvnouf.elementor.cloud\/?s={search_term_string}\"},\"query-input\":{\"@type\":\"PropertyValueSpecification\",\"valueRequired\":true,\"valueName\":\"search_term_string\"}}],\"inLanguage\":\"da-DK\"},{\"@type\":\"Organization\",\"@id\":\"https:\/\/stg-qvnouf.elementor.cloud\/#organization\",\"name\":\"Injurymap\",\"url\":\"https:\/\/stg-qvnouf.elementor.cloud\/\",\"logo\":{\"@type\":\"ImageObject\",\"inLanguage\":\"da-DK\",\"@id\":\"https:\/\/stg-qvnouf.elementor.cloud\/#\/schema\/logo\/image\/\",\"url\":\"https:\/\/stg-qvnouf.elementor.cloud\/wp-content\/uploads\/2023\/10\/injurymap-logo.svg\",\"contentUrl\":\"https:\/\/stg-qvnouf.elementor.cloud\/wp-content\/uploads\/2023\/10\/injurymap-logo.svg\",\"width\":120,\"height\":26,\"caption\":\"Injurymap\"},\"image\":{\"@id\":\"https:\/\/stg-qvnouf.elementor.cloud\/#\/schema\/logo\/image\/\"},\"sameAs\":[\"https:\/\/www.facebook.com\/Injurymap\/\",\"https:\/\/www.linkedin.com\/company\/injurymap\"]}]}<\/script>\n<!-- \/ Yoast SEO plugin. -->","yoast_head_json":{"title":"Karriere - Injurymap","robots":{"index":"index","follow":"follow","max-snippet":"max-snippet:-1","max-image-preview":"max-image-preview:large","max-video-preview":"max-video-preview:-1"},"canonical":"https:\/\/kwtwryzc.elementor.cloud\/company\/career\/","og_locale":"da_DK","og_type":"article","og_title":"Career - Injurymap","og_description":"Join Our Team at Injurymap Are you passionate about making a positive impact on people&#8217;s lives? At Injurymap, we&#8217;re on a mission to revolutionize the way individuals manage and recover from injuries and chronic pain. If you&#8217;re looking for a dynamic and innovative environment where your talents can shine, we&#8217;d love to hear from you.\u00a0","og_url":"https:\/\/kwtwryzc.elementor.cloud\/company\/career\/","og_site_name":"Injurymap","article_publisher":"https:\/\/www.facebook.com\/Injurymap\/","article_modified_time":"2024-02-19T11:58:44+00:00","twitter_card":"summary_large_image","schema":{"@context":"https:\/\/schema.org","@graph":[{"@type":"WebPage","@id":"https:\/\/kwtwryzc.elementor.cloud\/company\/career\/","url":"https:\/\/kwtwryzc.elementor.cloud\/company\/career\/","name":"Karriere - Injurymap","isPartOf":{"@id":"https:\/\/stg-qvnouf.elementor.cloud\/#website"},"datePublished":"2023-11-01T19:45:55+00:00","dateModified":"2024-02-19T11:58:44+00:00","breadcrumb":{"@id":"https:\/\/kwtwryzc.elementor.cloud\/company\/career\/#breadcrumb"},"inLanguage":"da-DK","potentialAction":[{"@type":"ReadAction","target":["https:\/\/kwtwryzc.elementor.cloud\/company\/career\/"]}]},{"@type":"BreadcrumbList","@id":"https:\/\/kwtwryzc.elementor.cloud\/company\/career\/#breadcrumb","itemListElement":[{"@type":"ListItem","position":1,"name":"Home","item":"https:\/\/stg-qvnouf.elementor.cloud\/"},{"@type":"ListItem","position":2,"name":"Company","item":"https:\/\/kwtwryzc.elementor.cloud\/company\/"},{"@type":"ListItem","position":3,"name":"Career"}]},{"@type":"WebSite","@id":"https:\/\/stg-qvnouf.elementor.cloud\/#website","url":"https:\/\/stg-qvnouf.elementor.cloud\/","name":"Injurymap","description":"Fysioterapi for alle, overalt","publisher":{"@id":"https:\/\/stg-qvnouf.elementor.cloud\/#organization"},"potentialAction":[{"@type":"SearchAction","target":{"@type":"EntryPoint","urlTemplate":"https:\/\/stg-qvnouf.elementor.cloud\/?s={search_term_string}"},"query-input":{"@type":"PropertyValueSpecification","valueRequired":true,"valueName":"search_term_string"}}],"inLanguage":"da-DK"},{"@type":"Organization","@id":"https:\/\/stg-qvnouf.elementor.cloud\/#organization","name":"Injurymap","url":"https:\/\/stg-qvnouf.elementor.cloud\/","logo":{"@type":"ImageObject","inLanguage":"da-DK","@id":"https:\/\/stg-qvnouf.elementor.cloud\/#\/schema\/logo\/image\/","url":"https:\/\/stg-qvnouf.elementor.cloud\/wp-content\/uploads\/2023\/10\/injurymap-logo.svg","contentUrl":"https:\/\/stg-qvnouf.elementor.cloud\/wp-content\/uploads\/2023\/10\/injurymap-logo.svg","width":120,"height":26,"caption":"Injurymap"},"image":{"@id":"https:\/\/stg-qvnouf.elementor.cloud\/#\/schema\/logo\/image\/"},"sameAs":["https:\/\/www.facebook.com\/Injurymap\/","https:\/\/www.linkedin.com\/company\/injurymap"]}]}},"_links":{"self":[{"href":"https:\/\/stg-qvnouf.elementor.cloud\/da\/wp-json\/wp\/v2\/pages\/1019","targetHints":{"allow":["GET"]}}],"collection":[{"href":"https:\/\/stg-qvnouf.elementor.cloud\/da\/wp-json\/wp\/v2\/pages"}],"about":[{"href":"https:\/\/stg-qvnouf.elementor.cloud\/da\/wp-json\/wp\/v2\/types\/page"}],"author":[{"embeddable":true,"href":"https:\/\/stg-qvnouf.elementor.cloud\/da\/wp-json\/wp\/v2\/users\/3"}],"replies":[{"embeddable":true,"href":"https:\/\/stg-qvnouf.elementor.cloud\/da\/wp-json\/wp\/v2\/comments?post=1019"}],"version-history":[{"count":0,"href":"https:\/\/stg-qvnouf.elementor.cloud\/da\/wp-json\/wp\/v2\/pages\/1019\/revisions"}],"up":[{"embeddable":true,"href":"https:\/\/stg-qvnouf.elementor.cloud\/da\/wp-json\/wp\/v2\/pages\/23"}],"wp:attachment":[{"href":"https:\/\/stg-qvnouf.elementor.cloud\/da\/wp-json\/wp\/v2\/media?parent=1019"}],"curies":[{"name":"wp","href":"https:\/\/api.w.org\/{rel}","templated":true}]}}